{"id":1275,"date":"2024-03-23T10:00:39","date_gmt":"2024-03-23T09:00:39","guid":{"rendered":"https:\/\/labarrustica.com\/?post_type=product&#038;p=1275"},"modified":"2024-03-27T12:36:39","modified_gmt":"2024-03-27T11:36:39","slug":"garlic-and-butter-baguette-175g","status":"publish","type":"product","link":"https:\/\/labarrustica.com\/en\/product\/garlic-and-butter-baguette-175g\/","title":{"rendered":"Garlic and butter baguette 175g"},"content":{"rendered":"<p><strong>Garlic and Butter Baguette 175g \u2013 A Feast of Comforting Aromas and Flavors:<\/strong><\/p>\n<p>Delight yourself with our 175g Garlic and Butter Baguette, a perfect fusion of intense flavors and crunchy texture. Each bite of this freshly baked baguette will envelop you in the irresistible aroma of garlic and the softness of butter. Perfect as an accompaniment to your meals or as an indulgent snack to satisfy your most exquisite cravings. Enjoy the magic of French cuisine in every bite.<\/p>","protected":false},"excerpt":{"rendered":"<p>Baguette de Ajo y Mantequilla 175g &#8211; Un Fest\u00edn de Aromas y Sabores Reconfortantes: Del\u00e9itate con nuestra Baguette de Ajo y Mantequilla de 175g, una fusi\u00f3n perfecta de sabores intensos y textura crujiente. Cada mordisco de esta baguette reci\u00e9n horneada te envolver\u00e1 en el irresistible aroma del ajo y la suavidad de la mantequilla. Perfecta [&hellip;]<\/p>","protected":false},"featured_media":1988,"template":"","meta":{"_monsterinsights_skip_tracking":false,"_monsterinsights_sitenote_active":false,"_monsterinsights_sitenote_note":"","_monsterinsights_sitenote_category":0,"ocean_post_layout":"","ocean_both_sidebars_style":"","ocean_both_sidebars_content_width":0,"ocean_both_sidebars_sidebars_width":0,"ocean_sidebar":"0","ocean_second_sidebar":"0","ocean_disable_margins":"enable","ocean_add_body_class":"","ocean_shortcode_before_top_bar":"","ocean_shortcode_after_top_bar":"","ocean_shortcode_before_header":"","ocean_shortcode_after_header":"","ocean_has_shortcode":"","ocean_shortcode_after_title":"","ocean_shortcode_before_footer_widgets":"","ocean_shortcode_after_footer_widgets":"","ocean_shortcode_before_footer_bottom":"","ocean_shortcode_after_footer_bottom":"","ocean_display_top_bar":"default","ocean_display_header":"default","ocean_header_style":"","ocean_center_header_left_menu":"0","ocean_custom_header_template":"0","ocean_custom_logo":0,"ocean_custom_retina_logo":0,"ocean_custom_logo_max_width":0,"ocean_custom_logo_tablet_max_width":0,"ocean_custom_logo_mobile_max_width":0,"ocean_custom_logo_max_height":0,"ocean_custom_logo_tablet_max_height":0,"ocean_custom_logo_mobile_max_height":0,"ocean_header_custom_menu":"0","ocean_menu_typo_font_family":"0","ocean_menu_typo_font_subset":"","ocean_menu_typo_font_size":0,"ocean_menu_typo_font_size_tablet":0,"ocean_menu_typo_font_size_mobile":0,"ocean_menu_typo_font_size_unit":"px","ocean_menu_typo_font_weight":"","ocean_menu_typo_font_weight_tablet":"","ocean_menu_typo_font_weight_mobile":"","ocean_menu_typo_transform":"","ocean_menu_typo_transform_tablet":"","ocean_menu_typo_transform_mobile":"","ocean_menu_typo_line_height":0,"ocean_menu_typo_line_height_tablet":0,"ocean_menu_typo_line_height_mobile":0,"ocean_menu_typo_line_height_unit":"","ocean_menu_typo_spacing":0,"ocean_menu_typo_spacing_tablet":0,"ocean_menu_typo_spacing_mobile":0,"ocean_menu_typo_spacing_unit":"","ocean_menu_link_color":"","ocean_menu_link_color_hover":"","ocean_menu_link_color_active":"","ocean_menu_link_background":"","ocean_menu_link_hover_background":"","ocean_menu_link_active_background":"","ocean_menu_social_links_bg":"","ocean_menu_social_hover_links_bg":"","ocean_menu_social_links_color":"","ocean_menu_social_hover_links_color":"","ocean_disable_title":"default","ocean_disable_heading":"default","ocean_post_title":"","ocean_post_subheading":"","ocean_post_title_style":"","ocean_post_title_background_color":"","ocean_post_title_background":0,"ocean_post_title_bg_image_position":"","ocean_post_title_bg_image_attachment":"","ocean_post_title_bg_image_repeat":"","ocean_post_title_bg_image_size":"","ocean_post_title_height":0,"ocean_post_title_bg_overlay":0.5,"ocean_post_title_bg_overlay_color":"","ocean_disable_breadcrumbs":"default","ocean_breadcrumbs_color":"","ocean_breadcrumbs_separator_color":"","ocean_breadcrumbs_links_color":"","ocean_breadcrumbs_links_hover_color":"","ocean_display_footer_widgets":"default","ocean_display_footer_bottom":"default","ocean_custom_footer_template":"0"},"product_cat":[28,29],"product_tag":[],"aioseo_notices":[],"_links":{"self":[{"href":"https:\/\/labarrustica.com\/en\/wp-json\/wp\/v2\/product\/1275"}],"collection":[{"href":"https:\/\/labarrustica.com\/en\/wp-json\/wp\/v2\/product"}],"about":[{"href":"https:\/\/labarrustica.com\/en\/wp-json\/wp\/v2\/types\/product"}],"wp:featuredmedia":[{"embeddable":true,"href":"https:\/\/labarrustica.com\/en\/wp-json\/wp\/v2\/media\/1988"}],"wp:attachment":[{"href":"https:\/\/labarrustica.com\/en\/wp-json\/wp\/v2\/media?parent=1275"}],"wp:term":[{"taxonomy":"product_cat","embeddable":true,"href":"https:\/\/labarrustica.com\/en\/wp-json\/wp\/v2\/product_cat?post=1275"},{"taxonomy":"product_tag","embeddable":true,"href":"https:\/\/labarrustica.com\/en\/wp-json\/wp\/v2\/product_tag?post=1275"}],"curies":[{"name":"wp","href":"https:\/\/api.w.org\/{rel}","templated":true}]}}